{"id":269,"date":"2026-03-23T08:06:11","date_gmt":"2026-03-23T07:06:11","guid":{"rendered":"https:\/\/dpsg-wuelfrath.de\/?page_id=269"},"modified":"2026-04-01T10:56:48","modified_gmt":"2026-04-01T08:56:48","slug":"gewaltschutzkonzept","status":"publish","type":"page","link":"https:\/\/dpsg-wuelfrath.de\/?page_id=269","title":{"rendered":"Gewaltschutzkonzept"},"content":{"rendered":"\n<p>Als Kinder- und Jugendverband ist es unser Anliegen, Orte und M\u00f6glichkeiten zu schaffen, in denen sich Kinder und Jugendliche ausprobieren k\u00f6nnen. Wir verstehen diese Orte und M\u00f6glichkeiten als Schutzr\u00e4ume, die frei von gesellschaftlichen Anspr\u00fcchen, voreiligen Bewertungen und jeglicher Art von Gewalt sind. Nur so k\u00f6nnen sie der St\u00e4rkung eigener F\u00e4higkeiten dienen und die Entfaltung der eigenen Pers\u00f6nlichkeit unterst\u00fctzen. An dieser Stelle sind wir alle gefragt, die entsprechenden Rahmenbedingungen herzustellen. Nur mit offenen Augen und Ohren, mit Sensibilit\u00e4t, Wissen und Reflexion k\u00f6nnen wir eine Kultur der Achtsamkeit etablieren.<\/p>\n\n\n\n<p>Im Gewaltschutzkonzept des Stamm Franken finden sich alle Ma\u00dfnahmen, Vorgehensweisen und Ansprechpartner*innen im Bereich Pr\u00e4vention sexualisierter Gewalt gegen Kinder und Jugendliche zusammengefasst:<\/p>\n\n\n\n<ul class=\"wp-block-list\">\n<li><a href=\"https:\/\/dpsg-wuelfrath.de\/wp-content\/uploads\/2026\/03\/Gewaltschutzkonzept_Stamm-Franken-Wuelfrath.pdf\" target=\"_blank\" rel=\"noreferrer noopener\">Gewaltschutzkonzept (pdf)<\/a><\/li>\n\n\n\n<li><a href=\"https:\/\/dpsg-wuelfrath.de\/wp-content\/uploads\/2026\/04\/Verhaltenskodex-DPSG-Wuelfrath.pdf\" data-type=\"link\" data-id=\"https:\/\/dpsg-wuelfrath.de\/wp-content\/uploads\/2026\/04\/Verhaltenskodex-DPSG-Wuelfrath.pdf\" target=\"_blank\" rel=\"noreferrer noopener\">Verhaltenskodex (pdf)<\/a><\/li>\n<\/ul>\n\n\n\n<p>Weitere Informationen zum Thema Pr\u00e4vention findest du auf der Seite unseres Di\u00f6zesanverbands&nbsp;<a href=\"https:\/\/dpsg-koeln.de\/themen\/kinder-und-jugendschutz\" target=\"_blank\" rel=\"noreferrer noopener\">www.dpsg-koeln.de<\/a>&nbsp;und auf der Seite des Bundesverbandes:&nbsp;<a href=\"https:\/\/dpsg.de\/de\/verbandsleben\/themen\/kinder-und-jugendschutz\" target=\"_blank\" rel=\"noreferrer noopener\">www.dpsg.de<\/a><\/p>\n\n\n\n<p><\/p>\n","protected":false},"excerpt":{"rendered":"<p>Als Kinder- und Jugendverband ist es unser Anliegen, Orte und M\u00f6glichkeiten zu schaffen, in denen sich Kinder und Jugendliche ausprobieren k\u00f6nnen. Wir verstehen diese Orte und M\u00f6glichkeiten als Schutzr\u00e4ume, die frei von gesellschaftlichen Anspr\u00fcchen, voreiligen Bewertungen und jeglicher Art von Gewalt sind. Nur so k\u00f6nnen sie der St\u00e4rkung eigener F\u00e4higkeiten dienen und die Entfaltung der [&hellip;]<\/p>\n","protected":false},"author":1,"featured_media":0,"parent":0,"menu_order":0,"comment_status":"closed","ping_status":"closed","template":"","meta":{"footnotes":""},"class_list":["post-269","page","type-page","status-publish","hentry"],"_links":{"self":[{"href":"https:\/\/dpsg-wuelfrath.de\/index.php?rest_route=\/wp\/v2\/pages\/269","targetHints":{"allow":["GET"]}}],"collection":[{"href":"https:\/\/dpsg-wuelfrath.de\/index.php?rest_route=\/wp\/v2\/pages"}],"about":[{"href":"https:\/\/dpsg-wuelfrath.de\/index.php?rest_route=\/wp\/v2\/types\/page"}],"author":[{"embeddable":true,"href":"https:\/\/dpsg-wuelfrath.de\/index.php?rest_route=\/wp\/v2\/users\/1"}],"replies":[{"embeddable":true,"href":"https:\/\/dpsg-wuelfrath.de\/index.php?rest_route=%2Fwp%2Fv2%2Fcomments&post=269"}],"version-history":[{"count":4,"href":"https:\/\/dpsg-wuelfrath.de\/index.php?rest_route=\/wp\/v2\/pages\/269\/revisions"}],"predecessor-version":[{"id":279,"href":"https:\/\/dpsg-wuelfrath.de\/index.php?rest_route=\/wp\/v2\/pages\/269\/revisions\/279"}],"wp:attachment":[{"href":"https:\/\/dpsg-wuelfrath.de\/index.php?rest_route=%2Fwp%2Fv2%2Fmedia&parent=269"}],"curies":[{"name":"wp","href":"https:\/\/api.w.org\/{rel}","templated":true}]}}