{"id":4,"date":"2023-06-27T17:51:06","date_gmt":"2023-06-27T17:51:06","guid":{"rendered":"https:\/\/dpsg-wuelfrath.de\/?page_id=4"},"modified":"2026-02-06T22:29:53","modified_gmt":"2026-02-06T21:29:53","slug":"willkommen-auf-https-dpsg-wuelfrath-de","status":"publish","type":"page","link":"https:\/\/dpsg-wuelfrath.de\/","title":{"rendered":"Willkommen"},"content":{"rendered":"\n<p>&#8230; auf der Homepage des Stamm Franken der Deutsche Pfadfinder*innenschaft Sankt Georg (DPSG) in W\u00fclfrath.<\/p>\n\n\n<div class=\"wp-block-image\">\n<figure class=\"aligncenter size-large is-resized\"><img loading=\"lazy\" decoding=\"async\" width=\"840\" height=\"1024\" src=\"https:\/\/dpsg-wuelfrath.de\/wp-content\/uploads\/2024\/03\/dspg_ja24_logo_rgb_slogan_dark_0-840x1024.png\" alt=\"\" class=\"wp-image-133\" style=\"width:338px;height:auto\" srcset=\"https:\/\/dpsg-wuelfrath.de\/wp-content\/uploads\/2024\/03\/dspg_ja24_logo_rgb_slogan_dark_0-840x1024.png 840w, https:\/\/dpsg-wuelfrath.de\/wp-content\/uploads\/2024\/03\/dspg_ja24_logo_rgb_slogan_dark_0-246x300.png 246w, https:\/\/dpsg-wuelfrath.de\/wp-content\/uploads\/2024\/03\/dspg_ja24_logo_rgb_slogan_dark_0-768x936.png 768w, https:\/\/dpsg-wuelfrath.de\/wp-content\/uploads\/2024\/03\/dspg_ja24_logo_rgb_slogan_dark_0-1260x1536.png 1260w, https:\/\/dpsg-wuelfrath.de\/wp-content\/uploads\/2024\/03\/dspg_ja24_logo_rgb_slogan_dark_0-1680x2048.png 1680w\" sizes=\"auto, (max-width: 840px) 100vw, 840px\" \/><\/figure>\n<\/div>\n\n\n<p>Viel Spa\u00df!<\/p>\n\n\n\n<p>Hast du Lust bei uns mitzumachen? F\u00fclle einfach das <strong><a href=\"https:\/\/dpsg-wuelfrath.de\/?page_id=233\" data-type=\"page\" data-id=\"233\">Formular zur Mitgliedsanfrage<\/a> <\/strong>aus und wir melden uns schnellstm\u00f6glich bei dir zur\u00fcck.<\/p>\n\n\n\n<p>Du Findest uns auch auf <a href=\"https:\/\/www.facebook.com\/people\/DPSG-Stamm-Franken\/100064683007719\/\" data-type=\"link\" data-id=\"https:\/\/www.facebook.com\/people\/DPSG-Stamm-Franken\/100064683007719\/\" target=\"_blank\" rel=\"noreferrer noopener\">Facebook<\/a> und <a href=\"https:\/\/www.instagram.com\/dpsgstammfranken7\/\" target=\"_blank\" rel=\"noreferrer noopener\">Instagram<\/a>.<\/p>\n\n\n\n<hr class=\"wp-block-separator has-alpha-channel-opacity\"\/>\n\n\n\n<h2 class=\"wp-block-heading\"><strong>Neueste Beitr\u00e4ge<\/strong><\/h2>\n\n\n<ul class=\"wp-block-latest-posts__list has-dates wp-block-latest-posts\"><li><a class=\"wp-block-latest-posts__post-title\" href=\"https:\/\/dpsg-wuelfrath.de\/?p=273\">Gewaltschutzkonzept<\/a><time datetime=\"2026-03-23T08:11:43+01:00\" class=\"wp-block-latest-posts__post-date\">23. M\u00e4rz 2026<\/time><div class=\"wp-block-latest-posts__post-excerpt\">Auf unserer diesj\u00e4hrigen Stammesversammlung am 15. M\u00e4rz 2025 wurde das Gewaltschutzkonzept des Stammes Franken in W\u00fclfrath verabschiedet. Alle Infos sowie das Dokument zum Download findet ihr hier: Gewaltschutzkonzept<\/div><\/li>\n<li><a class=\"wp-block-latest-posts__post-title\" href=\"https:\/\/dpsg-wuelfrath.de\/?p=254\">Stellungnahme zur Aufarbeitsungsstudie<\/a><time datetime=\"2026-02-06T22:22:43+01:00\" class=\"wp-block-latest-posts__post-date\">6. Februar 2026<\/time><div class=\"wp-block-latest-posts__post-excerpt\">Liebe Pfadfinder:innen, liebe Eltern und Erziehungsberechtigte, liebe Freunde, die Stellungnahme unseres Stammes zur Ergebnisver\u00f6ffentlichung der Aufarbeitungsstudie der DPSG findet ihr hier. Weitere Informationen findet Ihr au\u00dferdem unter: s.dpsg.de\/aufarbeitung Bei R\u00fcckfragen\u2026\u00a0<a class=\"wp-block-latest-posts__read-more\" href=\"https:\/\/dpsg-wuelfrath.de\/?p=254\" rel=\"noopener noreferrer\"><span class=\"screen-reader-text\">Stellungnahme zur Aufarbeitsungsstudie <\/span>weiterlesen<\/a><\/div><\/li>\n<li><a class=\"wp-block-latest-posts__post-title\" href=\"https:\/\/dpsg-wuelfrath.de\/?p=250\">Edmund-Aktion 2026<\/a><time datetime=\"2025-12-18T20:23:52+01:00\" class=\"wp-block-latest-posts__post-date\">18. Dezember 2025<\/time><div class=\"wp-block-latest-posts__post-excerpt\">Orientierungslos in das Jahr starten? Nicht mit uns!Wir laden Euch herzlich zur Edmund Aktion \u2013 der gro\u00dfen Orientierungswanderung ein.Die wichtigsten Infos:&#8211; Alle Stammesmitglieder:innen k\u00f6nnen teilnehmen.&#8211; Start: 31. Januar 2026 ab\u2026\u00a0<a class=\"wp-block-latest-posts__read-more\" href=\"https:\/\/dpsg-wuelfrath.de\/?p=250\" rel=\"noopener noreferrer\"><span class=\"screen-reader-text\">Edmund-Aktion 2026 <\/span>weiterlesen<\/a><\/div><\/li>\n<li><a class=\"wp-block-latest-posts__post-title\" href=\"https:\/\/dpsg-wuelfrath.de\/?p=232\">Unser neuer Flyer<\/a><time datetime=\"2025-09-14T12:27:32+02:00\" class=\"wp-block-latest-posts__post-date\">14. September 2025<\/time><div class=\"wp-block-latest-posts__post-excerpt\">Alle wichtigen Informationen zu unserem Stamm Franken und den Altersstufen findest du jetzt auch auf unserem neuen Flyer Optimismus ist eine Form des Mutes, die Vertrauen in andere gibt und\u2026\u00a0<a class=\"wp-block-latest-posts__read-more\" href=\"https:\/\/dpsg-wuelfrath.de\/?p=232\" rel=\"noopener noreferrer\"><span class=\"screen-reader-text\">Unser neuer Flyer <\/span>weiterlesen<\/a><\/div><\/li>\n<\/ul>","protected":false},"excerpt":{"rendered":"<p>&#8230; auf der Homepage des Stamm Franken der Deutsche Pfadfinder*innenschaft Sankt Georg (DPSG) in W\u00fclfrath. Viel Spa\u00df! Hast du Lust bei uns mitzumachen? F\u00fclle einfach das Formular zur Mitgliedsanfrage aus und wir melden uns schnellstm\u00f6glich bei dir zur\u00fcck. Du Findest uns auch auf Facebook und Instagram. Neueste Beitr\u00e4ge<\/p>\n","protected":false},"author":1,"featured_media":0,"parent":0,"menu_order":0,"comment_status":"closed","ping_status":"open","template":"","meta":{"footnotes":""},"class_list":["post-4","page","type-page","status-publish","hentry"],"_links":{"self":[{"href":"https:\/\/dpsg-wuelfrath.de\/index.php?rest_route=\/wp\/v2\/pages\/4","targetHints":{"allow":["GET"]}}],"collection":[{"href":"https:\/\/dpsg-wuelfrath.de\/index.php?rest_route=\/wp\/v2\/pages"}],"about":[{"href":"https:\/\/dpsg-wuelfrath.de\/index.php?rest_route=\/wp\/v2\/types\/page"}],"author":[{"embeddable":true,"href":"https:\/\/dpsg-wuelfrath.de\/index.php?rest_route=\/wp\/v2\/users\/1"}],"replies":[{"embeddable":true,"href":"https:\/\/dpsg-wuelfrath.de\/index.php?rest_route=%2Fwp%2Fv2%2Fcomments&post=4"}],"version-history":[{"count":13,"href":"https:\/\/dpsg-wuelfrath.de\/index.php?rest_route=\/wp\/v2\/pages\/4\/revisions"}],"predecessor-version":[{"id":257,"href":"https:\/\/dpsg-wuelfrath.de\/index.php?rest_route=\/wp\/v2\/pages\/4\/revisions\/257"}],"wp:attachment":[{"href":"https:\/\/dpsg-wuelfrath.de\/index.php?rest_route=%2Fwp%2Fv2%2Fmedia&parent=4"}],"curies":[{"name":"wp","href":"https:\/\/api.w.org\/{rel}","templated":true}]}}