{"id":78,"date":"2023-06-27T22:04:41","date_gmt":"2023-06-27T20:04:41","guid":{"rendered":"https:\/\/dpsg-wuelfrath.de\/?page_id=78"},"modified":"2026-02-06T22:30:36","modified_gmt":"2026-02-06T21:30:36","slug":"mitgliedschaft","status":"publish","type":"page","link":"https:\/\/dpsg-wuelfrath.de\/?page_id=78","title":{"rendered":"Mitgliedschaft"},"content":{"rendered":"\n<p>Mit dem Eintritt in den Stamm Franken geh\u00f6rst du zur Deutsche Pfadfinder*innenschaft Sankt Georg und bist Mitglied der Weltpfadfinderbewegung, der mit 28 Millionen Mitgliedern gr\u00f6\u00dften Jugendbewegung der Welt.<\/p>\n\n\n\n<p><strong>Der Mitgliedsbeitrag<\/strong><\/p>\n\n\n\n<p>Der Mitgliedsbeitrag in H\u00f6he von derzeit 50,00 EUR (bzw. 37,00 EUR Familienerm\u00e4\u00dfigung) wird j\u00e4hrlich im 2. Halbjahr von uns eingezogen.<br>Er setzt sich wie folgt zusammen:<\/p>\n\n\n\n<ul class=\"wp-block-list\">\n<li>39,50 EUR Mitgliedsbeitrag (26,40 EUR Familienerm\u00e4\u00dfigung) f\u00fcr die DPSG<\/li>\n\n\n\n<li>9,50 EUR f\u00fcr die Stammesarbeit<\/li>\n\n\n\n<li>1,00 EUR f\u00fcr die Bezirksarbeit<\/li>\n<\/ul>\n\n\n\n<p><strong>Welche Leistungen werden durch den Mitgliedsbeitrag f\u00fcr die Verbandsmitglieder erbracht?<\/strong><\/p>\n\n\n\n<p>Der Mitgliedsbeitrag macht es m\u00f6glich, folgende Leistungen f\u00fcr die Verbandsmitglieder zu erbringen:<\/p>\n\n\n\n<ul class=\"wp-block-list\">\n<li>Versicherungsschutz f\u00fcr die Mitglieder<\/li>\n\n\n\n<li>Mitgliedermagazin \u201emittendrin\u201c im Direktversand an die Mitglieder<\/li>\n\n\n\n<li>Beitr\u00e4ge an die Weltorganisation der Pfadfinderbewegung (WOSM) und an die Europaebene,die Internationale Katholische Konferenz des Pfadfindertums (ICCS) sowie an den Bund der Deutschen Katholischen Jugend (BDKJ)<\/li>\n\n\n\n<li>Unterst\u00fctzung der Arbeit der Di\u00f6zesanverb\u00e4nde<\/li>\n\n\n\n<li>Finanzierung der Arbeit und der Veranstaltungen der Altersstufen, Fachbereiche und des Bundesvorstandes wie z.B. Aus- und Weiterbildungskurse und Bundesunternehmen<\/li>\n\n\n\n<li>Unterhaltung der Bundesstelle in Neuss und des Bundeszentrums Westernohe<\/li>\n\n\n\n<li>Zuschuss an das Bundeszentrum Westernohe, das verbandlichen Gruppen f\u00fcr Zeltlager und Tagungen zur Verf\u00fcgung steht<\/li>\n<\/ul>\n\n\n\n<p><strong>Mitgliedsanfrage<\/strong><\/p>\n\n\n\n<p>Du m\u00f6chtest Teil unseres Stammes werden? Damit wir schauen k\u00f6nnen, in welchen Gruppen wir dir einen Platz anbieten k\u00f6nnen, m\u00f6chten wir dich bitten das nachfolgende Formular auszuf\u00fcllen. Je nach Situation kannst du sofort bei uns einsteigen. Bitte habe Verst\u00e4ndnis, dass wir dich ggf. noch auf eine Warteliste setzen m\u00fcssen. Wir werden uns in jedem Fall umgehend nach deiner Anfrage bei dir melden und dich informieren, wie es weitergeht.<\/p>\n\n\n<style id=\"wpforms-css-vars-90-block-219e76a6-1833-41be-9f3e-43ca7bb91d08\">\n\t\t\t\t#wpforms-90.wpforms-block-219e76a6-1833-41be-9f3e-43ca7bb91d08 {\n\t\t\t\t--wpforms-field-size-input-height: 43px;\n--wpforms-field-size-input-spacing: 15px;\n--wpforms-field-size-font-size: 16px;\n--wpforms-field-size-line-height: 19px;\n--wpforms-field-size-padding-h: 14px;\n--wpforms-field-size-checkbox-size: 16px;\n--wpforms-field-size-sublabel-spacing: 5px;\n--wpforms-field-size-icon-size: 1;\n--wpforms-label-size-font-size: 16px;\n--wpforms-label-size-line-height: 19px;\n--wpforms-label-size-sublabel-font-size: 14px;\n--wpforms-label-size-sublabel-line-height: 17px;\n--wpforms-button-size-font-size: 17px;\n--wpforms-button-size-height: 41px;\n--wpforms-button-size-padding-h: 15px;\n--wpforms-button-size-margin-top: 10px;\n\t\t\t}\n\t\t\t<\/style><div class=\"wpforms-container wpforms-container-full wpforms-block wpforms-block-219e76a6-1833-41be-9f3e-43ca7bb91d08 wpforms-render-modern\" id=\"wpforms-90\"><form id=\"wpforms-form-90\" class=\"wpforms-validate wpforms-form wpforms-ajax-form\" data-formid=\"90\" method=\"post\" enctype=\"multipart\/form-data\" action=\"\/index.php?rest_route=%2Fwp%2Fv2%2Fpages%2F78\" data-token=\"af95c48f941bafc0734108adf744e32c\" data-token-time=\"1778331322\"><noscript class=\"wpforms-error-noscript\">Bitte aktiviere JavaScript in deinem Browser, um dieses Formular fertigzustellen.<\/noscript><div id=\"wpforms-error-noscript\" style=\"display: none;\">Bitte aktiviere JavaScript in deinem Browser, um dieses Formular fertigzustellen.<\/div><div class=\"wpforms-field-container\"><div id=\"wpforms-90-field_1-container\" class=\"wpforms-field wpforms-field-name\" data-field-id=\"1\"><fieldset><legend class=\"wpforms-field-label\">Name <span class=\"wpforms-required-label\" aria-hidden=\"true\">*<\/span><\/legend><div class=\"wpforms-field-row wpforms-field-medium\"><div class=\"wpforms-field-row-block wpforms-first wpforms-one-half\"><input type=\"text\" id=\"wpforms-90-field_1\" class=\"wpforms-field-name-first wpforms-field-required\" name=\"wpforms[fields][1][first]\" aria-errormessage=\"wpforms-90-field_1-error\" required><label for=\"wpforms-90-field_1\" class=\"wpforms-field-sublabel after\">Vorname<\/label><\/div><div class=\"wpforms-field-row-block wpforms-one-half\"><input type=\"text\" id=\"wpforms-90-field_1-last\" class=\"wpforms-field-name-last wpforms-field-required\" name=\"wpforms[fields][1][last]\" aria-errormessage=\"wpforms-90-field_1-last-error\" required><label for=\"wpforms-90-field_1-last\" class=\"wpforms-field-sublabel after\">Nachname<\/label><\/div><\/div><\/fieldset><\/div><div id=\"wpforms-90-field_2-container\" class=\"wpforms-field wpforms-field-text\" data-field-id=\"2\"><label class=\"wpforms-field-label\" for=\"wpforms-90-field_2\">Geburtsdatum <span class=\"wpforms-required-label\" aria-hidden=\"true\">*<\/span><\/label><input type=\"text\" id=\"wpforms-90-field_2\" class=\"wpforms-field-medium wpforms-field-required\" name=\"wpforms[fields][2]\" aria-errormessage=\"wpforms-90-field_2-error\" required><\/div><div id=\"wpforms-90-field_3-container\" class=\"wpforms-field wpforms-field-text\" data-field-id=\"3\"><label class=\"wpforms-field-label\" for=\"wpforms-90-field_3\">Name der Eltern <span class=\"wpforms-required-label\" aria-hidden=\"true\">*<\/span><\/label><input type=\"text\" id=\"wpforms-90-field_3\" class=\"wpforms-field-medium wpforms-field-required\" name=\"wpforms[fields][3]\" aria-errormessage=\"wpforms-90-field_3-error\" required><\/div><div id=\"wpforms-90-field_4-container\" class=\"wpforms-field wpforms-field-email\" data-field-id=\"4\"><label class=\"wpforms-field-label\" for=\"wpforms-90-field_4\">E-Mail <span class=\"wpforms-required-label\" aria-hidden=\"true\">*<\/span><\/label><input type=\"email\" id=\"wpforms-90-field_4\" class=\"wpforms-field-medium wpforms-field-required\" name=\"wpforms[fields][4]\" spellcheck=\"false\" aria-errormessage=\"wpforms-90-field_4-error\" required><\/div><div id=\"wpforms-90-field_5-container\" class=\"wpforms-field wpforms-field-text\" data-field-id=\"5\"><label class=\"wpforms-field-label\" for=\"wpforms-90-field_5\">Telefonnummer f\u00fcr R\u00fcckfragen<\/label><input type=\"text\" id=\"wpforms-90-field_5\" class=\"wpforms-field-medium\" name=\"wpforms[fields][5]\" aria-errormessage=\"wpforms-90-field_5-error\" ><\/div><div id=\"wpforms-90-field_6-container\" class=\"wpforms-field wpforms-field-text\" data-field-id=\"6\"><label class=\"wpforms-field-label\" for=\"wpforms-90-field_6\">Wohnort<\/label><input type=\"text\" id=\"wpforms-90-field_6\" class=\"wpforms-field-medium\" name=\"wpforms[fields][6]\" aria-errormessage=\"wpforms-90-field_6-error\" ><\/div><div id=\"wpforms-90-field_7-container\" class=\"wpforms-field wpforms-field-textarea\" data-field-id=\"7\"><label class=\"wpforms-field-label\" for=\"wpforms-90-field_7\">Bemerkungen<\/label><textarea id=\"wpforms-90-field_7\" class=\"wpforms-field-medium\" name=\"wpforms[fields][7]\" aria-errormessage=\"wpforms-90-field_7-error\" ><\/textarea><\/div><div id=\"wpforms-90-field_8-container\" class=\"wpforms-field wpforms-field-gdpr-checkbox\" data-field-id=\"8\"><label class=\"wpforms-field-label\">DSGVO-Einverst\u00e4ndnis <span class=\"wpforms-required-label\" aria-hidden=\"true\">*<\/span><\/label><ul id=\"wpforms-90-field_8\" class=\"wpforms-field-required\"><li class=\"choice-1\"><input type=\"checkbox\" id=\"wpforms-90-field_8_1\" name=\"wpforms[fields][8][]\" value=\"Ich willige ein, dass diese Website meine \u00fcbermittelten Informationen speichert, sodass meine Anfrage beantwortet werden kann.\" aria-errormessage=\"wpforms-90-field_8_1-error\" required ><label class=\"wpforms-field-label-inline\" for=\"wpforms-90-field_8_1\">Ich willige ein, dass diese Website meine \u00fcbermittelten Informationen speichert, sodass meine Anfrage beantwortet werden kann.<\/label><\/li><\/ul><\/div><\/div><!-- .wpforms-field-container --><div class=\"wpforms-recaptcha-container wpforms-is-recaptcha wpforms-is-recaptcha-type-v3\" ><input type=\"hidden\" name=\"wpforms[recaptcha]\" value=\"\"><\/div><div class=\"wpforms-submit-container\" ><input type=\"hidden\" name=\"wpforms[id]\" value=\"90\"><input type=\"hidden\" name=\"page_title\" value=\"\"><input type=\"hidden\" name=\"page_url\" value=\"https:\/\/dpsg-wuelfrath.de\/index.php?rest_route=\/wp\/v2\/pages\/78\"><input type=\"hidden\" name=\"url_referer\" value=\"\"><button type=\"submit\" name=\"wpforms[submit]\" id=\"wpforms-submit-90\" class=\"wpforms-submit\" data-alt-text=\"Senden\u2026\" data-submit-text=\"Absenden\" aria-live=\"assertive\" value=\"wpforms-submit\">Absenden<\/button><img loading=\"lazy\" decoding=\"async\" src=\"https:\/\/dpsg-wuelfrath.de\/wp-content\/plugins\/wpforms-lite\/assets\/images\/submit-spin.svg\" class=\"wpforms-submit-spinner\" style=\"display: none;\" width=\"26\" height=\"26\" alt=\"Wird geladen\"><\/div><\/form><\/div>  <!-- .wpforms-container -->\n\n\n<p><strong>Offizielle Anmeldung<\/strong><\/p>\n\n\n\n<p>Nach einer \u201eSchnupperzeit\u201c in deiner Gruppe solltest du offiziell Mitglied im Stamm und damit der DPSG werden. Dies ist insbesondere wichtig, damit f\u00fcr dich Versicherungsschutz w\u00e4hrend der Gruppenstunden und Aktivit\u00e4ten besteht. F\u00fclle dazu mit deinen Eltern das<\/p>\n\n\n\n<p><a href=\"https:\/\/dpsg-wuelfrath.de\/wp-content\/uploads\/2023\/06\/anmeldebogen_2013_k6.pdf\" data-type=\"URL\" data-id=\"https:\/\/dpsg-wuelfrath.de\/wp-content\/uploads\/2023\/06\/anmeldebogen_2013_k6.pdf\" target=\"_blank\" rel=\"noreferrer noopener\">Anmeldeformular<\/a>&nbsp;und das<\/p>\n\n\n\n<p><a href=\"https:\/\/dpsg-wuelfrath.de\/wp-content\/uploads\/2023\/06\/sepa_lastschrift_2013_k2.pdf\" data-type=\"URL\" data-id=\"https:\/\/dpsg-wuelfrath.de\/wp-content\/uploads\/2023\/06\/sepa_lastschrift_2013_k2.pdf\" target=\"_blank\" rel=\"noreferrer noopener\">Sepa Lastschriftmandat<\/a><\/p>\n\n\n\n<p>aus und gib Beides bei deinem Gruppenleiter oder deiner Gruppenleiterin ab. Die Gruppenleiter helfen auch gerne beim Ausf\u00fcllen der Anmeldung und beantworten Fragen.<\/p>\n\n\n\n<p><strong>K\u00fcndigung<\/strong><\/p>\n\n\n\n<p>Um deine Mitgliedschaft zu beenden, musst du deine K\u00fcndigung schriftlich an <a href=\"mailto:vorstand@dpsg-wuelfrath.de\">vorstand@dpsg-wuelfrath.de<\/a> senden.<\/p>\n","protected":false},"excerpt":{"rendered":"<p>Mit dem Eintritt in den Stamm Franken geh\u00f6rst du zur Deutsche Pfadfinder*innenschaft Sankt Georg und bist Mitglied der Weltpfadfinderbewegung, der mit 28 Millionen Mitgliedern gr\u00f6\u00dften Jugendbewegung der Welt. Der Mitgliedsbeitrag Der Mitgliedsbeitrag in H\u00f6he von derzeit 50,00 EUR (bzw. 37,00 EUR Familienerm\u00e4\u00dfigung) wird j\u00e4hrlich im 2. Halbjahr von uns eingezogen.Er setzt sich wie folgt zusammen: [&hellip;]<\/p>\n","protected":false},"author":1,"featured_media":0,"parent":0,"menu_order":0,"comment_status":"closed","ping_status":"closed","template":"","meta":{"footnotes":""},"class_list":["post-78","page","type-page","status-publish","hentry"],"_links":{"self":[{"href":"https:\/\/dpsg-wuelfrath.de\/index.php?rest_route=\/wp\/v2\/pages\/78","targetHints":{"allow":["GET"]}}],"collection":[{"href":"https:\/\/dpsg-wuelfrath.de\/index.php?rest_route=\/wp\/v2\/pages"}],"about":[{"href":"https:\/\/dpsg-wuelfrath.de\/index.php?rest_route=\/wp\/v2\/types\/page"}],"author":[{"embeddable":true,"href":"https:\/\/dpsg-wuelfrath.de\/index.php?rest_route=\/wp\/v2\/users\/1"}],"replies":[{"embeddable":true,"href":"https:\/\/dpsg-wuelfrath.de\/index.php?rest_route=%2Fwp%2Fv2%2Fcomments&post=78"}],"version-history":[{"count":5,"href":"https:\/\/dpsg-wuelfrath.de\/index.php?rest_route=\/wp\/v2\/pages\/78\/revisions"}],"predecessor-version":[{"id":258,"href":"https:\/\/dpsg-wuelfrath.de\/index.php?rest_route=\/wp\/v2\/pages\/78\/revisions\/258"}],"wp:attachment":[{"href":"https:\/\/dpsg-wuelfrath.de\/index.php?rest_route=%2Fwp%2Fv2%2Fmedia&parent=78"}],"curies":[{"name":"wp","href":"https:\/\/api.w.org\/{rel}","templated":true}]}}